{"id":1855,"date":"2022-11-28T15:28:05","date_gmt":"2022-11-28T15:28:05","guid":{"rendered":"https:\/\/wearemuesli.it\/privacy-policy\/"},"modified":"2022-11-28T15:28:07","modified_gmt":"2022-11-28T15:28:07","slug":"privacy-policy","status":"publish","type":"page","link":"https:\/\/wearemuesli.it\/it\/privacy-policy\/","title":{"rendered":"Privacy Policy"},"content":{"rendered":"\n<p><strong>Privacy Policy \u2013 Informazioni e prenotazioni<\/strong><\/p>\n\n<p><strong>Informativa per trattamento di dati personali \u2013 Documento informativo ai sensi e per gli effetti di cui all\u2019articolo 13 Reg. (UE) 2016\/679.<\/strong><\/p>\n\n<p>Nel rispetto di quanto previsto dal Reg. UE 2016\/679 GDPR (<a href=\"http:\/\/eur-lex.europa.eu\/legal-content\/IT\/TXT\/HTML\/?uri=CELEX:32016R0679&amp;from=IT\"><strong>Regolamento Europeo per la protezione dei dati personali<\/strong><\/a>) Le forniamo le dovute informazioni in ordine al trattamento dei dati personali forniti.<\/p>\n\n<p><strong>1. TITOLARE DEL TRATTAMENTO, <\/strong>ai sensi degli artt. 4 e 24 del Reg. UE 2016\/679, \u00e8 <strong>WE ARE MUESLI SRL IMPRESA SOCIALE<\/strong>, con sede legale in 20121 Milano (MI) \u2013 Italia, Via Privata Filippo Tommaso Marinetti 3, in persona del Presidente Claudia Molinari. Di seguito i dati di contatto del Titolare: Tel. +39 0226110440, e-mail <strong>hello@wearemuesli.it<\/strong>.<\/p>\n\n<p><strong>2. RESPONSABILE DELLA PROTEZIONE DEI DATI (RPD\/DPO- Data Protection Officer), <\/strong>ai sensi degli artt. 37 \u2013 39 del Reg. UE 2016\/679, \u00e8 contattabile tramite e-mail <strong>hello@wearemuesli.it<\/strong>.<\/p>\n\n<p><strong>3. FINALIT\u00c0 DEL TRATTAMENTO | BASE GIURIDICA DEL TRATTAMENTO | PERIODO DI CONSERVAZIONE DATI | NATURA DEL CONFERIMENTO<\/strong><\/p>\n\n<p><strong>FINALIT\u00c0 B)<\/strong><\/p>\n\n<p><strong>Finalit\u00e0 del trattamento: eventuale richiesta di contatto o richiesta informazioni (anche eventualmente con la richiesta di preventivo e\/o con la prenotazione di una visita e\/o di un laboratorio e\/o di uno spazio).<\/strong><\/p>\n\n<p><strong>Base legale: <\/strong>legittimo interesse Art.6 par.1 lett. f) GDPR.<\/p>\n\n<p><strong>Periodo conservazione dati: <\/strong>1 anno.<\/p>\n\n<p><strong>Natura del conferimento: <\/strong>necessaria al perseguimento del legittimo interesse del titolare volto a dare attuazione ad una richiesta dell\u2019Interessato.<\/p>\n\n<p><strong>FINALIT\u00c0 C)<\/strong><\/p>\n\n<p><strong>Finalit\u00e0 del trattamento: marketing diretto attraverso iscrizione alla newsletter: attivit\u00e0 di informazione commerciale\/promozionale, inviti ad eventi e\/o manifestazioni promosse e\/o organizzate dal Titolare del trattamento e\/o dai Contitolari del trattamento a mezzo e-mail \/ newsletter. ll Titolare per confrontare ed eventualmente migliorare i risultati delle comunicazioni, utilizza sistemi per invio di newsletter e comunicazioni promozionali con report. Grazie ai report il Titolare potr\u00e0 conoscere, per esempio: il numero dei lettori, delle aperture, dei \u201ccliccatori\u201d unici e dei clic; i dispositivi ed i sistemi operativi utilizzati per leggere la comunicazione; il dettaglio sull\u2019attivit\u00e0 dei singoli utenti; il dettaglio delle email inviate, email recapitate e non, di quelle inoltrate. Tutti questi dati sono utilizzati allo scopo di confrontare, ed eventualmente migliorare, i risultati delle comunicazioni.<\/strong><\/p>\n\n<p><strong>Base legale: <\/strong>consenso Art.6 par.1 lett. f) GDPR.<\/p>\n\n<p><strong>Periodo conservazione dati: <\/strong>fino a revoca dello stesso (opt-out).<\/p>\n\n<p><strong>Natura del conferimento: <\/strong>facoltativo. Il mancato conferimento del consenso per tale finalit\u00e0 Le impedir\u00e0 di poter ricevere newsletter.<\/p>\n\n<p><strong>FINALIT\u00c0 D)<\/strong><\/p>\n\n<p><strong>Finalit\u00e0 del trattamento: profilazione (non automatizzata) con analisi di preferenze, interessi personali, etc., al fine di inviare proposte commerciali pi\u00f9 in linea.<\/strong><\/p>\n\n<p><strong>Base legale: <\/strong>consenso Art.6 par.1 lett. f) GDPR.<\/p>\n\n<p><strong>Periodo conservazione dati: <\/strong>fino a revoca dello stesso (opt-out).<\/p>\n\n<p><strong>Natura del conferimento: <\/strong>facoltativo. Il mancato conferimento del consenso per tale finalit\u00e0 Le impedir\u00e0 di poter ricevere newsletter pi\u00f9 vicine alle sue preferenze. La mancanza di tale consenso non influir\u00e0 sulla possibilit\u00e0 di venire iscritto alle nostra newsletter per ricevere comunicazioni marketing qualora abbia Lei abbia prestato il consenso per quella finalit\u00e0.<\/p>\n\n<p><strong>FINALIT\u00c0 E)<\/strong><\/p>\n\n<p><strong>Finalit\u00e0 del trattamento: comunicazione dei Suoi dati a terze parti per finalit\u00e0 di marketing. Per terze parti si intendono i partner e sponsor del Titolare del trattamento e dei soggetti tali per le altre entit\u00e0 del Gruppo.<\/strong><\/p>\n\n<p><strong>Base legale: <\/strong>consenso Art.6 par.1 lett. f) GDPR.<\/p>\n\n<p><strong>Periodo conservazione dati: <\/strong>fino a opposizione (opt-out), da esercitarsi nei confronti della terza parte che, a seguito di cessione del dato per finalit\u00e0 di marketing, risulta Titolare autonomo per l\u2019attivit\u00e0 di marketing dalla stessa svolta.<\/p>\n\n<p><strong>Natura del conferimento: <\/strong>facoltativo. Il mancato conferimento del consenso, il suo dato non verr\u00e0 ceduto alla terza parte per attivit\u00e0 di marketing. Tale mancato consenso non pregiudicher\u00e0 il trattamento dei suoi dati per le altre finalit\u00e0 alle quali Lei ha prestato il consenso.<\/p>\n\n<p><strong>4. DESTINATARI<\/strong><\/p>\n\n<p>Al fine di ottemperare ai contratti in essere o finalit\u00e0 connesse, i suoi dati saranno trattati da societ\u00e0 contrattualmente legate al Titolare del trattamento, ed in particolare potranno essere comunicati a terzi appartenenti alle seguenti categorie: -soggetti che forniscono servizi per la gestione del sistema informativo e delle reti di telecomunicazioni; -liberi professionisti, studi o societ\u00e0 nell\u2019ambito di rapporti di assistenza e consulenza; -soggetti che forniscono servizi per la gestione delle attivit\u00e0 sopra indicate nelle finalit\u00e0 (soggetti per comunicazione, stampa brochure, volantini, siti internet, filmati); -gestori di piattaforme per i servizi sopra elencati (hosting di siti, ecc.); &#8211; societ\u00e0 We Are Muesli srl Impresa Sociale; -autorit\u00e0 competenti per adempimenti di obblighi di leggi e\/o di disposizioni di organi pubblici, su richiesta.<\/p>\n\n<p>I soggetti appartenenti alle categorie suddette svolgono la funzione di Responsabile del trattamento dei dati, oppure operano in totale autonomia come distinti Titolari del trattamento.<\/p>\n\n<p>L\u2019elenco dei responsabili \u00e8 costantemente aggiornato e disponibile presso la sede del Titolare o contattando lo stesso agli indirizzi indicati al punto 1 della presente informativa.<\/p>\n\n<p><strong>5. TRASFERIMENTO DATI VERSO UN PAESE TERZO E\/O UN\u2019ORGANIZZAZIONE INTERNAZIONALE<\/strong><\/p>\n\n<p>I dati di natura personale forniti saranno trasferiti all\u2019estero in Paesi Extra UE solo nel caso in cui Lei fornir\u00e0 il consenso alla finalit\u00e0 di marketing. Infatti l\u2019invio di newsletter viene gestito mediante piattaforma MailChimp\u00ae, appartenente alla societ\u00e0 Rocket Science Group, LLC, con sede negli Stati Uniti, luogo in cui i Suoi dati personali potrebbero essere trasferiti. La informiamo che la Societ\u00e0 in questione aderisce al c.d. accordo \u201cPrivacy Shield\u201d, che garantisce un livello di protezione dei dati personali adeguati agli standard richiesti dal GDPR.<\/p>\n\n<p><strong>6. DIRITTI DELL\u2019INTERESSATO | RECLAMO AUTORIT\u00c0 DI CONTROLLO<\/strong><\/p>\n\n<p>Lei potr\u00e0 far valere i propri diritti come espressi dal Regolamento UE 2016\/679, rivolgendosi al Titolare del trattamento, scrivendo una mail all\u2019indirizzo <strong>hello@wearemuesli.it<\/strong>. Lei ha il diritto, in qualunque momento, di chiedere al Titolare del trattamento l\u2019accesso ai Suoi dati personali (art.15), la rettifica (art.16), la cancellazione degli stessi (art.17), la limitazione del trattamento (art.18). Inoltre, nei casi previsti, ha il diritto di opporsi (art.21), in qualsiasi momento, al trattamento dei suoi dati (compresi i trattamenti automatizzati, es. la profilazione), nonch\u00e9 di revocare il consenso prestato senza pregiudicare la liceit\u00e0 del trattamento basata sul consenso prima della revoca. Qualora il trattamento sia basato sul consenso, hai il diritto di revocare il consenso in qualsiasi momento senza pregiudicare la liceit\u00e0 del trattamento basata sul consenso prestato prima della revoca.<\/p>\n\n<p>Per opporsi al trattamento e per esercitare gli altri diritti potrai scrivere a <strong>hello@wearemuesli.it<\/strong><strong>.<\/strong><\/p>\n\n<p>Per non ricevere pi\u00f9 comunicazioni di marketing diretto sar\u00e0 sufficiente scrivere in qualsiasi momento una e-mail all\u2019indirizzo <strong>hello@wearemuesli.it<\/strong> con oggetto \u201ccancellazione da newsletter\u201d o utilizzare i nostri sistemi di cancellazione automatica previsti per le sole e-mail, e non sar\u00e0 pi\u00f9 disturbato. Per essere escluso dall\u2019attivit\u00e0 di sola profilazione sar\u00e0 sufficiente scrivere all\u2019indirizzo e-mail <strong>hello@wearemuesli.it<\/strong> con oggetto \u201cno profilazione\u201d. Fatto salvo ogni altro ricorso amministrativo e giurisdizionale, se ritiene che il trattamento dei dati che la riguardano, violi quanto previsto dal Reg. UE 2016\/679, ai sensi dell\u2019art. 15 lettera f) del succitato Reg. UE 2016\/679, Lei ha il diritto di proporre reclamo al Garante per la protezione dei dati personali (Autorit\u00e0 di controllo <a href=\"https:\/\/www.garanteprivacy.it\/\"><strong>www.garanteprivacy.it<\/strong><\/a>). Nei casi previsti, Lei ha il diritto alla portabilit\u00e0 dei suoi dati (art.20) e in tal caso il Titolare del trattamento Le fornir\u00e0 in un formato strutturato, di uso comune e leggibile, da dispositivo automatico, i dati personali che la riguardano.<\/p>\n\n<p>Il Titolare informa che non vi \u00e8 alcun processo decisionale automatizzato. <\/p>\n\n<p><strong>7. MODIFICA INFORMATIVA SULLA PRIVACY<\/strong><\/p>\n\n<p>Il Titolare si riserva il diritto di modificare, aggiornare, aggiungere o rimuovere parti della presente informativa sulla privacy a propria discrezione e in qualsiasi momento. Al fine di facilitare tale verifica l\u2019informativa conterr\u00e0 l\u2019indicazione della data di aggiornamento.<\/p>\n\n<p><strong>Data di aggiornamento<\/strong>: 01 Novembre 2022<\/p>\n","protected":false},"excerpt":{"rendered":"<p>Privacy Policy \u2013 Informazioni e prenotazioni Informativa per trattamento di dati personali \u2013 Documento informativo ai sensi e per gli effetti di cui all\u2019articolo 13 Reg. (UE) 2016\/679. Nel rispetto di quanto previsto dal Reg. UE 2016\/679 GDPR (Regolamento Europeo per la protezione dei dati personali) Le forniamo le dovute informazioni in ordine al trattamento [&hellip;]<\/p>\n","protected":false},"author":1,"featured_media":0,"parent":0,"menu_order":0,"comment_status":"closed","ping_status":"open","template":"","meta":{"footnotes":""},"class_list":["post-1855","page","type-page","status-publish","hentry"],"_links":{"self":[{"href":"https:\/\/wearemuesli.it\/it\/wp-json\/wp\/v2\/pages\/1855","targetHints":{"allow":["GET"]}}],"collection":[{"href":"https:\/\/wearemuesli.it\/it\/wp-json\/wp\/v2\/pages"}],"about":[{"href":"https:\/\/wearemuesli.it\/it\/wp-json\/wp\/v2\/types\/page"}],"author":[{"embeddable":true,"href":"https:\/\/wearemuesli.it\/it\/wp-json\/wp\/v2\/users\/1"}],"replies":[{"embeddable":true,"href":"https:\/\/wearemuesli.it\/it\/wp-json\/wp\/v2\/comments?post=1855"}],"version-history":[{"count":0,"href":"https:\/\/wearemuesli.it\/it\/wp-json\/wp\/v2\/pages\/1855\/revisions"}],"wp:attachment":[{"href":"https:\/\/wearemuesli.it\/it\/wp-json\/wp\/v2\/media?parent=1855"}],"curies":[{"name":"wp","href":"https:\/\/api.w.org\/{rel}","templated":true}]}}